{"id":772,"date":"2021-10-13T18:09:46","date_gmt":"2021-10-13T18:09:46","guid":{"rendered":"https:\/\/aspaaug2015.com\/cifab2025\/?page_id=772"},"modified":"2026-03-09T17:59:38","modified_gmt":"2026-03-09T17:59:38","slug":"ponentes","status":"publish","type":"page","link":"https:\/\/aspaaug2015.com\/cifab2025\/ponentes\/","title":{"rendered":"Expositores Magistrales Confirmados"},"content":{"rendered":"\n<div class=\"wp-block-cover\" style=\"min-height:104px\"><span aria-hidden=\"true\" class=\"has-background-dim-40 wp-block-cover__gradient-background has-background-dim\" style=\"background-color:#0073ff\"><\/span><img loading=\"lazy\" width=\"920\" height=\"783\" class=\"wp-block-cover__image-background wp-image-733\" alt=\"\" src=\"https:\/\/aspaaug2015.com\/cifab2025\/wp-content\/uploads\/2021\/09\/crop-20-173-920-783-270-FondoWeb-2.png\" style=\"object-position:100% 100%\" data-object-fit=\"cover\" data-object-position=\"100% 100%\" srcset=\"https:\/\/aspaaug2015.com\/cifab2025\/wp-content\/uploads\/2021\/09\/crop-20-173-920-783-270-FondoWeb-2.png 920w, https:\/\/aspaaug2015.com\/cifab2025\/wp-content\/uploads\/2021\/09\/crop-20-173-920-783-270-FondoWeb-2-300x255.png 300w, https:\/\/aspaaug2015.com\/cifab2025\/wp-content\/uploads\/2021\/09\/crop-20-173-920-783-270-FondoWeb-2-768x654.png 768w\" sizes=\"(max-width: 920px) 100vw, 920px\" \/><div class=\"wp-block-cover__inner-container\">\n<div class=\"wp-block-columns\">\n<div class=\"wp-block-column\" style=\"flex-basis:100%\">\n<h6 class=\"has-text-align-left has-custom-font\" style=\"font-family:Montserrat;font-size:17px\">TITULO PENDIENTE<\/h6>\n\n\n\n<div class=\"wp-block-columns\">\n<div class=\"wp-block-column\" style=\"flex-basis:30%\">\n<figure class=\"wp-block-image size-full\"><img loading=\"lazy\" width=\"369\" height=\"430\" src=\"https:\/\/aspaaug2015.com\/cifab2025\/wp-content\/uploads\/2026\/03\/Eden.png\" alt=\"\" class=\"wp-image-1173\" srcset=\"https:\/\/aspaaug2015.com\/cifab2025\/wp-content\/uploads\/2026\/03\/Eden.png 369w, https:\/\/aspaaug2015.com\/cifab2025\/wp-content\/uploads\/2026\/03\/Eden-257x300.png 257w\" sizes=\"(max-width: 369px) 100vw, 369px\" \/><\/figure>\n<\/div>\n\n\n\n<div class=\"wp-block-column\" style=\"flex-basis:90%\">\n<p class=\"has-text-align-left has-custom-font\" style=\"font-family:Montserrat;font-size:19px\"><strong><mark style=\"background-color:rgba(0, 0, 0, 0);color:#2ba1cd\" class=\"has-inline-color\"><strong><strong><strong>Eden Morales Narv\u00e1ez<\/strong><\/strong><\/strong><\/mark><\/strong><br><\/p>\n\n\n\n<p class=\"has-custom-font\" style=\"font-family:Montserrat;font-size:16px\"><em>El<strong> Dr. Eden Morales-Narv\u00e1ez<\/strong> es actualmente el responsable del Laboratorio de Nanosensores Biofot\u00f3nicos en el Centro de F\u00edsica Aplicada y Tecnolog\u00eda Avanzada de la Universidad Nacional Aut\u00f3noma de M\u00e9xico. Obtuvo el t\u00edtulo de ingeniero en Bi\u00f3nica por el Instituto Polit\u00e9cnico Nacional de M\u00e9xico en 2006 y el grado de doctor en Ingenier\u00eda Biom\u00e9dica por la Universidad Polit\u00e9cnica de Catalu\u00f1a, Espa\u00f1a, en 2013. Realiz\u00f3 una estancia posdoctoral en el Instituto Catal\u00e1n de Nanociencia y Nanotecnolog\u00eda, y comenz\u00f3 su carrera independiente a finales de 2016 en el Centro de Investigaciones en \u00d3ptica (M\u00e9xico). En 2025 recibi\u00f3 la distinci\u00f3n de Investigador Nacional Nivel III del SNII. Su investigaci\u00f3n se centra en el desarrollo y aplicaci\u00f3n de novedosas plataformas de (bio)detecci\u00f3n, particularmente utilizando nanofot\u00f3nica de vanguardia. En t\u00e9rminos generales, est\u00e1 interesado en tecnolog\u00edas verdes, materiales inteligentes, biosensores integrados, dispositivos port\u00e1tiles, fot\u00f3nica flexible y salud 4.0\/5.0<\/em>.<\/p>\n<\/div>\n<\/div>\n\n\n\n<p class=\"has-custom-font\" style=\"font-family:Montserrat;font-size:14px\"><\/p>\n<\/div>\n<\/div>\n<\/div><\/div>\n\n\n\n<div class=\"wp-block-cover\" style=\"min-height:104px\"><span aria-hidden=\"true\" class=\"has-background-dim-40 wp-block-cover__gradient-background has-background-dim\" style=\"background-color:#0073ff\"><\/span><img loading=\"lazy\" width=\"920\" height=\"783\" class=\"wp-block-cover__image-background wp-image-733\" alt=\"\" src=\"https:\/\/aspaaug2015.com\/cifab2025\/wp-content\/uploads\/2021\/09\/crop-20-173-920-783-270-FondoWeb-2.png\" style=\"object-position:100% 100%\" data-object-fit=\"cover\" data-object-position=\"100% 100%\" srcset=\"https:\/\/aspaaug2015.com\/cifab2025\/wp-content\/uploads\/2021\/09\/crop-20-173-920-783-270-FondoWeb-2.png 920w, https:\/\/aspaaug2015.com\/cifab2025\/wp-content\/uploads\/2021\/09\/crop-20-173-920-783-270-FondoWeb-2-300x255.png 300w, https:\/\/aspaaug2015.com\/cifab2025\/wp-content\/uploads\/2021\/09\/crop-20-173-920-783-270-FondoWeb-2-768x654.png 768w\" sizes=\"(max-width: 920px) 100vw, 920px\" \/><div class=\"wp-block-cover__inner-container\">\n<div class=\"wp-block-columns\">\n<div class=\"wp-block-column\" style=\"flex-basis:100%\">\n<h6 class=\"has-text-align-left has-custom-font\" style=\"font-family:Montserrat;font-size:17px\">Titulo pendiente<\/h6>\n\n\n\n<div class=\"wp-block-columns\">\n<div class=\"wp-block-column\" style=\"flex-basis:30%\">\n<figure class=\"wp-block-image size-full\"><img loading=\"lazy\" width=\"302\" height=\"392\" src=\"https:\/\/aspaaug2015.com\/cifab2025\/wp-content\/uploads\/2026\/03\/Patricia.png\" alt=\"\" class=\"wp-image-1185\" srcset=\"https:\/\/aspaaug2015.com\/cifab2025\/wp-content\/uploads\/2026\/03\/Patricia.png 302w, https:\/\/aspaaug2015.com\/cifab2025\/wp-content\/uploads\/2026\/03\/Patricia-231x300.png 231w\" sizes=\"(max-width: 302px) 100vw, 302px\" \/><\/figure>\n<\/div>\n\n\n\n<div class=\"wp-block-column\" style=\"flex-basis:90%\">\n<p class=\"has-text-align-left has-custom-font\" style=\"font-family:Montserrat;font-size:19px\"><strong><mark style=\"background-color:rgba(0, 0, 0, 0);color:#2ba1cd\" class=\"has-inline-color\"><strong><strong><strong>Patricia Haro<\/strong> <\/strong><\/strong><\/mark><\/strong><br><\/p>\n\n\n\n<p class=\"has-custom-font\" style=\"font-family:Montserrat;font-size:16px\"><em>La Dra. Haro Gonz\u00e1lez es una investigadora y docente especializada en F\u00edsica Aplicada y materiales avanzados. Su trayectoria se ha consolidado en el \u00e1mbito universitario y de investigaci\u00f3n en ciencia de materiales.<\/em><\/p>\n\n\n\n<p>Actualmente es Profesora Titular de Universidad en el \u00c1rea de F\u00edsica Aplicada, adscrita al Departamento de F\u00edsica de Materiales en la Facultad de Ciencias de la UAM. Forma parte del Instituto Universitario de Ciencia de Materiales \u201cNicol\u00e1s Cabrera\u201d (INC), contribuyendo a la investigaci\u00f3n de frontera en materiales para aplicaciones tecnol\u00f3gicas. Pertenece al Programa de Doctorado en Materiales Avanzados y Nanotecnolog\u00eda, donde participa activamente en la formaci\u00f3n de nuevos investigadores.<\/p>\n\n\n\n<p>Adem\u00e1s de contar con <strong>m\u00e1s de 120 publicaciones cient\u00edficas indexadas.<\/strong> Su investigaci\u00f3n abarca temas como <strong>nanomateriales, \u00f3ptica cu\u00e1ntica, nanotecnolog\u00eda y atrapamiento \u00f3ptico para aplicaciones de detecci\u00f3n y sensores<\/strong>.<\/p>\n\n\n\n<p class=\"has-custom-font\" style=\"font-family:Montserrat;font-size:16px\"><em> <\/em><\/p>\n<\/div>\n<\/div>\n\n\n\n<p class=\"has-custom-font\" style=\"font-family:Montserrat;font-size:14px\"><\/p>\n<\/div>\n<\/div>\n<\/div><\/div>\n\n\n\n<div class=\"wp-block-cover\" style=\"min-height:104px\"><span aria-hidden=\"true\" class=\"has-background-dim-40 wp-block-cover__gradient-background has-background-dim\" style=\"background-color:#0073ff\"><\/span><img loading=\"lazy\" width=\"920\" height=\"783\" class=\"wp-block-cover__image-background wp-image-733\" alt=\"\" src=\"https:\/\/aspaaug2015.com\/cifab2025\/wp-content\/uploads\/2021\/09\/crop-20-173-920-783-270-FondoWeb-2.png\" style=\"object-position:100% 100%\" data-object-fit=\"cover\" data-object-position=\"100% 100%\" srcset=\"https:\/\/aspaaug2015.com\/cifab2025\/wp-content\/uploads\/2021\/09\/crop-20-173-920-783-270-FondoWeb-2.png 920w, https:\/\/aspaaug2015.com\/cifab2025\/wp-content\/uploads\/2021\/09\/crop-20-173-920-783-270-FondoWeb-2-300x255.png 300w, https:\/\/aspaaug2015.com\/cifab2025\/wp-content\/uploads\/2021\/09\/crop-20-173-920-783-270-FondoWeb-2-768x654.png 768w\" sizes=\"(max-width: 920px) 100vw, 920px\" \/><div class=\"wp-block-cover__inner-container\">\n<div class=\"wp-block-columns\">\n<div class=\"wp-block-column\" style=\"flex-basis:100%\">\n<h6 class=\"has-text-align-left has-custom-font\" style=\"font-family:Montserrat;font-size:17px\">Titulo pendiente<\/h6>\n\n\n\n<div class=\"wp-block-columns\">\n<div class=\"wp-block-column\" style=\"flex-basis:30%\">\n<figure class=\"wp-block-image size-full\"><img loading=\"lazy\" width=\"364\" height=\"361\" src=\"https:\/\/aspaaug2015.com\/cifab2025\/wp-content\/uploads\/2026\/03\/Tzarara.png\" alt=\"\" class=\"wp-image-1188\" srcset=\"https:\/\/aspaaug2015.com\/cifab2025\/wp-content\/uploads\/2026\/03\/Tzarara.png 364w, https:\/\/aspaaug2015.com\/cifab2025\/wp-content\/uploads\/2026\/03\/Tzarara-300x298.png 300w, https:\/\/aspaaug2015.com\/cifab2025\/wp-content\/uploads\/2026\/03\/Tzarara-150x150.png 150w\" sizes=\"(max-width: 364px) 100vw, 364px\" \/><\/figure>\n<\/div>\n\n\n\n<div class=\"wp-block-column\" style=\"flex-basis:90%\">\n<p class=\"has-text-align-left has-custom-font\" style=\"font-family:Montserrat;font-size:19px\"><strong><mark style=\"background-color:rgba(0, 0, 0, 0);color:#2ba1cd\" class=\"has-inline-color\"><strong><strong><strong><strong>Tzarara L\u00f3pez Luke<\/strong><\/strong> <\/strong><\/strong><\/mark><\/strong><br><\/p>\n\n\n\n<p class=\"has-custom-font\" style=\"font-family:Montserrat;font-size:16px\"><em>La Dra. Tzarara L\u00f3pez Luke es profesora e investigadora del Instituto de Investigaci\u00f3n en Metalurgia y Materiales de la Universidad Michoacana, donde se desempe\u00f1a como Profesora e Investigadora Titular A. Forma parte del Cuerpo Acad\u00e9mico consolidado llamado <em>S\u00edntesis y Procesamiento de Materiales Cer\u00e1micos y Compuestos<\/em> y es Coordinadora del programa de Maestr\u00eda en Metalurgia y Ciencias de los Materiales<\/em>.<\/p>\n\n\n\n<p>Su trabajo cient\u00edfico se centra en <em>la S\u00edntesis y caracterizaci\u00f3n de nanomateriales, Aplicaci\u00f3n de nanomateriales en dispositivos electr\u00f3nicos (como celdas solares y LED) y el desarrollo de materiales funcionales para aplicaciones en biomedicina, especialmente detecci\u00f3n y terapia de da\u00f1os celulares<\/em>.<\/p>\n\n\n\n<p class=\"has-custom-font\" style=\"font-family:Montserrat;font-size:16px\"><em> <\/em><\/p>\n<\/div>\n<\/div>\n\n\n\n<p class=\"has-custom-font\" style=\"font-family:Montserrat;font-size:14px\"><\/p>\n<\/div>\n<\/div>\n<\/div><\/div>\n\n\n\n<div class=\"wp-block-cover\" style=\"min-height:104px\"><span aria-hidden=\"true\" class=\"has-background-dim-40 wp-block-cover__gradient-background has-background-dim\" style=\"background-color:#0073ff\"><\/span><img loading=\"lazy\" width=\"920\" height=\"783\" class=\"wp-block-cover__image-background wp-image-733\" alt=\"\" src=\"https:\/\/aspaaug2015.com\/cifab2025\/wp-content\/uploads\/2021\/09\/crop-20-173-920-783-270-FondoWeb-2.png\" style=\"object-position:100% 100%\" data-object-fit=\"cover\" data-object-position=\"100% 100%\" srcset=\"https:\/\/aspaaug2015.com\/cifab2025\/wp-content\/uploads\/2021\/09\/crop-20-173-920-783-270-FondoWeb-2.png 920w, https:\/\/aspaaug2015.com\/cifab2025\/wp-content\/uploads\/2021\/09\/crop-20-173-920-783-270-FondoWeb-2-300x255.png 300w, https:\/\/aspaaug2015.com\/cifab2025\/wp-content\/uploads\/2021\/09\/crop-20-173-920-783-270-FondoWeb-2-768x654.png 768w\" sizes=\"(max-width: 920px) 100vw, 920px\" \/><div class=\"wp-block-cover__inner-container\">\n<div class=\"wp-block-columns\">\n<div class=\"wp-block-column\" style=\"flex-basis:100%\">\n<h6 class=\"has-text-align-left has-custom-font\" style=\"font-family:Montserrat;font-size:17px\">Titulo pendiente<\/h6>\n\n\n\n<div class=\"wp-block-columns\">\n<div class=\"wp-block-column\" style=\"flex-basis:30%\">\n<figure class=\"wp-block-image size-full\"><img loading=\"lazy\" width=\"399\" height=\"395\" src=\"https:\/\/aspaaug2015.com\/cifab2025\/wp-content\/uploads\/2026\/03\/Cano.png\" alt=\"\" class=\"wp-image-1189\" srcset=\"https:\/\/aspaaug2015.com\/cifab2025\/wp-content\/uploads\/2026\/03\/Cano.png 399w, https:\/\/aspaaug2015.com\/cifab2025\/wp-content\/uploads\/2026\/03\/Cano-300x297.png 300w\" sizes=\"(max-width: 399px) 100vw, 399px\" \/><\/figure>\n<\/div>\n\n\n\n<div class=\"wp-block-column\" style=\"flex-basis:90%\">\n<p class=\"has-text-align-left has-custom-font\" style=\"font-family:Montserrat;font-size:19px\"><strong><mark style=\"background-color:rgba(0, 0, 0, 0);color:#2ba1cd\" class=\"has-inline-color\"><strong><strong><strong><strong><strong>Mario Eduardo Cano Gonzalez<\/strong><\/strong><\/strong> <\/strong><\/strong><\/mark><\/strong><br><\/p>\n\n\n\n<p class=\"has-custom-font\" style=\"font-family:Montserrat;font-size:16px\"><em>El Dr. Cano Gonz\u00e1lez es un destacado acad\u00e9mico e investigador en \u00e1reas interdisciplinares que vinculan la f\u00edsica con aplicaciones biom\u00e9dicas. Su trabajo se centra en la investigaci\u00f3n cient\u00edfica y tecnol\u00f3gica orientada al desarrollo de dispositivos, t\u00e9cnicas instrumentales y aplicaciones biom\u00e9dicas que permiten avanzar en el estudio de procesos biol\u00f3gicos y tecnol\u00f3gicos relevantes.<\/em><\/p>\n\n\n\n<p>Las l\u00edneas de Investigaci\u00f3n del Dr Cano son:<\/p>\n\n\n\n<ul><li><strong>Biof\u00edsica:<\/strong> Aplicaci\u00f3n de principios f\u00edsicos para el estudio de sistemas biol\u00f3gicos.<\/li><li><strong>Instrumentaci\u00f3n Biom\u00e9dica:<\/strong> Desarrollo de tecnolog\u00edas y herramientas instrumentales para apoyar la investigaci\u00f3n biom\u00e9dica experimental y aplicada.<\/li><li><strong>Nanomateriales y Ferrofluidos Superparamagn\u00e9ticos:<\/strong> Enfoque en s\u00edntesis y evaluaci\u00f3n de materiales funcionales con actividades potenciales en biomedicina \u2014 por ejemplo, en estudios citot\u00f3xicos y aplicaciones terap\u00e9uticas.<\/li><\/ul>\n\n\n\n<p>Su producci\u00f3n acad\u00e9mica incluye trabajos cient\u00edficos presentados y disponibles en plataformas de investigaci\u00f3n, con contribuciones en revistas y foros acad\u00e9micos, lo que denota su participaci\u00f3n en la generaci\u00f3n de conocimiento cient\u00edfico.<\/p>\n\n\n\n<p>Recibi\u00f3 el Premio Estatal de Innovaci\u00f3n, Ciencia y Tecnolog\u00eda de Jalisco 2018 \u2014 Categor\u00eda Tecnolog\u00eda, otorgado por la Secretar\u00eda de Innovaci\u00f3n, Ciencia y Tecnolog\u00eda del Estado de Jalisco (SICyT). Ha Registrado modelos de utilidad y patentes en soluciones tecnol\u00f3gicas reconocidas por el Instituto Mexicano de la Propiedad Industrial (IMPI), Es miembro del Sistema Nacional de Investigadores \u2013 Nivel I.<\/p>\n\n\n\n<p><\/p>\n\n\n\n<p class=\"has-custom-font\" style=\"font-family:Montserrat;font-size:16px\"><em> <\/em><\/p>\n<\/div>\n<\/div>\n\n\n\n<p class=\"has-custom-font\" style=\"font-family:Montserrat;font-size:14px\"><\/p>\n<\/div>\n<\/div>\n<\/div><\/div>\n\n\n\n<div class=\"wp-block-cover\" style=\"min-height:104px\"><span aria-hidden=\"true\" class=\"has-background-dim-40 wp-block-cover__gradient-background has-background-dim\" style=\"background-color:#0073ff\"><\/span><img loading=\"lazy\" width=\"920\" height=\"783\" class=\"wp-block-cover__image-background wp-image-733\" alt=\"\" src=\"https:\/\/aspaaug2015.com\/cifab2025\/wp-content\/uploads\/2021\/09\/crop-20-173-920-783-270-FondoWeb-2.png\" style=\"object-position:100% 100%\" data-object-fit=\"cover\" data-object-position=\"100% 100%\" srcset=\"https:\/\/aspaaug2015.com\/cifab2025\/wp-content\/uploads\/2021\/09\/crop-20-173-920-783-270-FondoWeb-2.png 920w, https:\/\/aspaaug2015.com\/cifab2025\/wp-content\/uploads\/2021\/09\/crop-20-173-920-783-270-FondoWeb-2-300x255.png 300w, https:\/\/aspaaug2015.com\/cifab2025\/wp-content\/uploads\/2021\/09\/crop-20-173-920-783-270-FondoWeb-2-768x654.png 768w\" sizes=\"(max-width: 920px) 100vw, 920px\" \/><div class=\"wp-block-cover__inner-container\">\n<div class=\"wp-block-columns\">\n<div class=\"wp-block-column\" style=\"flex-basis:100%\">\n<h6 class=\"has-text-align-left has-custom-font\" style=\"font-family:Montserrat;font-size:17px\">Titulo pendiente<\/h6>\n\n\n\n<div class=\"wp-block-columns\">\n<div class=\"wp-block-column\" style=\"flex-basis:30%\">\n<figure class=\"wp-block-image size-full\"><img loading=\"lazy\" width=\"304\" height=\"304\" src=\"https:\/\/aspaaug2015.com\/cifab2025\/wp-content\/uploads\/2026\/03\/Vicente.png\" alt=\"\" class=\"wp-image-1190\" srcset=\"https:\/\/aspaaug2015.com\/cifab2025\/wp-content\/uploads\/2026\/03\/Vicente.png 304w, https:\/\/aspaaug2015.com\/cifab2025\/wp-content\/uploads\/2026\/03\/Vicente-300x300.png 300w, https:\/\/aspaaug2015.com\/cifab2025\/wp-content\/uploads\/2026\/03\/Vicente-150x150.png 150w\" sizes=\"(max-width: 304px) 100vw, 304px\" \/><\/figure>\n<\/div>\n\n\n\n<div class=\"wp-block-column\" style=\"flex-basis:90%\">\n<p class=\"has-text-align-left has-custom-font\" style=\"font-family:Montserrat;font-size:19px\"><strong><mark style=\"background-color:rgba(0, 0, 0, 0);color:#2ba1cd\" class=\"has-inline-color\"><strong><strong><strong><strong><strong><strong>Vicente Garibay Febles<\/strong> <\/strong><\/strong><\/strong> <\/strong><\/strong><\/mark><\/strong><br><\/p>\n\n\n\n<p class=\"has-custom-font\" style=\"font-family:Montserrat;font-size:16px\"><em>El Dr. Garibay ha dedicado gran parte de su carrera a la investigaci\u00f3n aplicada en microscop\u00eda electr\u00f3nica, nanotecnolog\u00eda y ciencia de materiales dentro del IMP, participando en proyectos multidisciplinarios orientados a la <em>Caracterizaci\u00f3n microestructural de materiales para la industria petrolera, el Desarrollo y an\u00e1lisis de nanomateriales y la Aplicaciones de t\u00e9cnicas avanzadas de microscop\u00eda para resolver problemas tecnol\u00f3gicos de alto impacto.<\/em><\/em><\/p>\n\n\n\n<p>Cuenta con m\u00e1s de 100 publicaciones cient\u00edficas internacionales que abarcan temas como: Nanomateriales y aleaciones avanzada, Caracterizaci\u00f3n por microscop\u00eda electr\u00f3nica, Estudios microestructurales relevantes para diversas aplicaciones industriales y tecnol\u00f3gicas, entre otros.<\/p>\n\n\n\n<p>Es miembro del Sistema Nacional de Investigadores (SNI) de M\u00e9xico (nivel I). Director de laboratorio especializado en t\u00e9cnicas avanzadas de microscopia dentro del IMP, lo que implica liderazgo en proyectos multidisciplinarios y coordinaci\u00f3n de grupos de investigaci\u00f3n.<\/p>\n\n\n\n<p><\/p>\n\n\n\n<p><\/p>\n\n\n\n<p><\/p>\n\n\n\n<p class=\"has-custom-font\" style=\"font-family:Montserrat;font-size:16px\"><em> <\/em><\/p>\n<\/div>\n<\/div>\n\n\n\n<p class=\"has-custom-font\" style=\"font-family:Montserrat;font-size:14px\"><\/p>\n<\/div>\n<\/div>\n<\/div><\/div>\n","protected":false},"excerpt":{"rendered":"","protected":false},"author":1,"featured_media":0,"parent":0,"menu_order":0,"comment_status":"closed","ping_status":"closed","template":"","meta":{"_coblocks_attr":"Merriweather,Montserrat","_coblocks_dimensions":"","_coblocks_responsive_height":"","_coblocks_accordion_ie_support":""},"_links":{"self":[{"href":"https:\/\/aspaaug2015.com\/cifab2025\/wp-json\/wp\/v2\/pages\/772"}],"collection":[{"href":"https:\/\/aspaaug2015.com\/cifab2025\/wp-json\/wp\/v2\/pages"}],"about":[{"href":"https:\/\/aspaaug2015.com\/cifab2025\/wp-json\/wp\/v2\/types\/page"}],"author":[{"embeddable":true,"href":"https:\/\/aspaaug2015.com\/cifab2025\/wp-json\/wp\/v2\/users\/1"}],"replies":[{"embeddable":true,"href":"https:\/\/aspaaug2015.com\/cifab2025\/wp-json\/wp\/v2\/comments?post=772"}],"version-history":[{"count":25,"href":"https:\/\/aspaaug2015.com\/cifab2025\/wp-json\/wp\/v2\/pages\/772\/revisions"}],"predecessor-version":[{"id":1191,"href":"https:\/\/aspaaug2015.com\/cifab2025\/wp-json\/wp\/v2\/pages\/772\/revisions\/1191"}],"wp:attachment":[{"href":"https:\/\/aspaaug2015.com\/cifab2025\/wp-json\/wp\/v2\/media?parent=772"}],"curies":[{"name":"wp","href":"https:\/\/api.w.org\/{rel}","templated":true}]}}