{"id":329,"date":"2020-11-12T21:34:37","date_gmt":"2020-11-12T21:34:37","guid":{"rendered":"https:\/\/aspaaug2015.com\/cifab2025\/?page_id=329"},"modified":"2026-03-09T18:30:05","modified_gmt":"2026-03-09T18:30:05","slug":"convocatoria","status":"publish","type":"page","link":"https:\/\/aspaaug2015.com\/cifab2025\/convocatoria\/","title":{"rendered":"Informaci\u00f3n de Registro y Congreso"},"content":{"rendered":"\n<h1 class=\"has-text-align-center has-text-color has-custom-font has-custom-weight has-custom-lineheight has-custom-letterspacing mb-0 pb-0 mt-0 pt-0\" style=\"color:#24d1d5;font-family:Georgia;line-height:1;letter-spacing:3px;font-weight:900;font-size:36px\"><mark style=\"background-color:rgba(0, 0, 0, 0);color:#2ba1cd\" class=\"has-inline-color\">El cuerpo acad\u00e9mico de F\u00edsica M\u00e9dica<\/mark> <\/h1>\n\n\n\n<p class=\"has-text-align-center has-custom-font has-custom-letterspacing\" style=\"font-family:Montserrat;letter-spacing:3px;font-size:30px\"><mark style=\"background-color:rgba(0, 0, 0, 0);color:#000000\" class=\"has-inline-color\">Convoca<\/mark><\/p>\n\n\n\n<p class=\"has-custom-font\" id=\"convoca\" style=\"font-family:Montserrat;font-size:18px\"><mark style=\"background-color:rgba(0, 0, 0, 0);color:#000000\" class=\"has-inline-color\">A participar en el\u00a0<strong>registro de trabajos libres<\/strong>\u00a0en la modalidad oral o en cartel en el marco del <strong>6\u00ba Congreso d<\/strong><\/mark><mark style=\"background-color:rgba(0, 0, 0, 0);color: rgb(0, 0, 0);\" class=\"has-inline-color\"><strong style=\"background-color: rgba(0, 0, 0, 0);\">e Ingenier\u00eda y F\u00edsica Aplicada a la Biom\u00e9dica<\/strong><\/mark><mark style=\"background-color:rgba(0, 0, 0, 0);color: rgb(0, 0, 0);\" class=\"has-inline-color\"><strong style=\"background-color: rgba(0, 0, 0, 0);\"> <\/strong><\/mark><\/p>\n\n\n\n<figure class=\"wp-block-image size-full\"><img loading=\"lazy\" width=\"574\" height=\"178\" src=\"https:\/\/aspaaug2015.com\/cifab2025\/wp-content\/uploads\/2026\/03\/Costos.png\" alt=\"\" class=\"wp-image-1199\" srcset=\"https:\/\/aspaaug2015.com\/cifab2025\/wp-content\/uploads\/2026\/03\/Costos.png 574w, https:\/\/aspaaug2015.com\/cifab2025\/wp-content\/uploads\/2026\/03\/Costos-300x93.png 300w\" sizes=\"(max-width: 574px) 100vw, 574px\" \/><\/figure>\n\n\n\n<p class=\"has-custom-font\" style=\"font-family:Montserrat;font-size:18px\"><mark style=\"background-color:rgba(0, 0, 0, 0);color:#000000\" class=\"has-inline-color\">Las instrucciones para realizar el pago para registros nacionales se encuentran en el siguiente <strong>manual<\/strong>.<\/mark><\/p>\n\n\n\n<div class=\"wp-block-file aligncenter\"><object class=\"wp-block-file__embed\" data=\"https:\/\/aspaaug2015.com\/cifab2025\/wp-content\/uploads\/2025\/03\/Manual-para-el-pago-cifab25.pdf\" type=\"application\/pdf\" style=\"width:100%;height:600px\" aria-label=\"Incrustado de Manual-para-el-pago-cifab25.\"><\/object><a id=\"wp-block-file--media-5421d858-5a4e-4028-aa5a-880c1e3a15f8\" href=\"https:\/\/aspaaug2015.com\/cifab2025\/wp-content\/uploads\/2025\/03\/Manual-para-el-pago-cifab25.pdf\">Manual-para-el-pago-cifab25<\/a><a href=\"https:\/\/aspaaug2015.com\/cifab2025\/wp-content\/uploads\/2025\/03\/Manual-para-el-pago-cifab25.pdf\" class=\"wp-block-file__button\" download aria-describedby=\"wp-block-file--media-5421d858-5a4e-4028-aa5a-880c1e3a15f8\">Descarga<\/a><\/div>\n\n\n\n<p class=\"has-custom-font\" style=\"font-family:Montserrat;font-size:18px\"><mark style=\"background-color:rgba(0, 0, 0, 0);color:#000000\" class=\"has-inline-color\">La cuota de inscripci\u00f3n considera los siguientes beneficios:<\/mark><\/p>\n\n\n\n<ul class=\"has-montserrat-font-family has-custom-font\" style=\"font-family:Montserrat;font-size:18px\"><li><mark style=\"background-color:rgba(0, 0, 0, 0);color:#000000\" class=\"has-inline-color\">Constancia de participaci\u00f3n\/asistencia<\/mark><\/li><li><mark style=\"background-color:rgba(0, 0, 0, 0);color:#000000\" class=\"has-inline-color\">Gafete personalizado<\/mark><\/li><li><mark style=\"background-color:rgba(0, 0, 0, 0);color:#000000\" class=\"has-inline-color\">Acceso a todas las conferencias del evento<\/mark><\/li><li><mark style=\"background-color:rgba(0, 0, 0, 0);color:#000000\" class=\"has-inline-color\">Coffee Break<\/mark><\/li><\/ul>\n\n\n\n<div class=\"wp-block-cover is-light coblocks-animate\" style=\"min-height:104px\" data-coblocks-animation=\"fadeIn\"><span aria-hidden=\"true\" class=\"has-background-dim-0 wp-block-cover__gradient-background has-background-dim\"><\/span><img loading=\"lazy\" width=\"625\" height=\"105\" class=\"wp-block-cover__image-background wp-image-608\" alt=\"\" src=\"https:\/\/aspaaug2015.com\/cifab2025\/wp-content\/uploads\/2021\/09\/encabezado01.png\" data-object-fit=\"cover\" srcset=\"https:\/\/aspaaug2015.com\/cifab2025\/wp-content\/uploads\/2021\/09\/encabezado01.png 625w, https:\/\/aspaaug2015.com\/cifab2025\/wp-content\/uploads\/2021\/09\/encabezado01-300x50.png 300w\" sizes=\"(max-width: 625px) 100vw, 625px\" \/><div class=\"wp-block-cover__inner-container\">\n<p class=\"has-text-align-center has-custom-font has-custom-weight has-custom-transform has-custom-letterspacing mb-0 pb-0 mt-0 pt-0\" style=\"font-size:26px;font-family:Montserrat;letter-spacing:3px;font-weight:700;text-transform:uppercase\">Bases<\/p>\n<\/div><\/div>\n\n\n\n<p class=\"has-custom-font\" style=\"font-family:Montserrat;font-size:18px\"><mark style=\"background-color:rgba(0, 0, 0, 0);color:#000000\" class=\"has-inline-color\">1. Podr\u00e1n participar todas las personas que est\u00e9n realizando investigaci\u00f3n original relacionada con los diversos aspectos de las \u00e1reas tem\u00e1ticas del evento.<\/mark><\/p>\n\n\n\n<p class=\"has-custom-font\" style=\"font-family:Montserrat;font-size:18px\"><mark style=\"background-color:rgba(0, 0, 0, 0);color:#000000\" class=\"has-inline-color\">2. <mark style=\"background-color:rgba(0, 0, 0, 0);color:#000000\" class=\"has-inline-color\">Solo se aceptar\u00e1n los trabajos enviados que sigan los lineamientos de formato de los res\u00famenes que se solicitan.<\/mark><\/mark> <br><mark style=\"background-color:rgba(0, 0, 0, 0);color:#000000\" class=\"has-inline-color\">El resumen debe presentarse en espa\u00f1ol, debe contener la presentaci\u00f3n del problema, importancia del proyecto, objeto de la investigaci\u00f3n, breve descripci\u00f3n de la metodolog\u00eda, resultados y conclusiones. El resumen es una pieza fundamental en la difusi\u00f3n de un trabajo de investigaci\u00f3n para que el lector tenga una idea general del trabajo y pueda entender que es lo que se va a encontrar en el resto del documento.<\/mark><\/p>\n\n\n\n<p class=\"has-custom-font\" style=\"font-family:Montserrat;font-size:18px\"><\/p>\n\n\n\n<div class=\"wp-block-image\"><figure class=\"aligncenter size-full\"><img loading=\"lazy\" width=\"250\" height=\"213\" src=\"https:\/\/aspaaug2015.com\/cifab2025\/wp-content\/uploads\/2026\/03\/QR-resumen.png\" alt=\"\" class=\"wp-image-1176\"\/><\/figure><\/div>\n\n\n\n<div class=\"wp-container-1 wp-block-buttons\">\n<div class=\"wp-block-button aligncenter\"><a class=\"wp-block-button__link\" href=\"https:\/\/drive.google.com\/drive\/folders\/1nSluGkWzHVsFu7FR881RZMD3h3u8QJqR?usp=drive_link\" target=\"_blank\" rel=\"noreferrer noopener\">Plantillas para formatos<\/a><\/div>\n<\/div>\n\n\n\n<p class=\"has-custom-font\" style=\"font-family:Montserrat;font-size:18px\"><mark style=\"background-color:rgba(0, 0, 0, 0);color:#000000\" class=\"has-inline-color\">3. <mark style=\"background-color:rgba(0, 0, 0, 0);color:#000000\" class=\"has-inline-color\">El registro de trabajos se realizar\u00e1 en el siguiente formulario:<\/mark><\/mark><\/p>\n\n\n\n<div class=\"wp-container-2 wp-block-buttons\">\n<div class=\"wp-block-button\"><a class=\"wp-block-button__link\" href=\"https:\/\/forms.gle\/HtpXu8YUCuDZtopz8\" target=\"_blank\" rel=\"noreferrer noopener\">Registro de trabajos<\/a><\/div>\n<\/div>\n\n\n\n<p class=\"has-custom-font\" style=\"font-family:Montserrat;font-size:18px\"><\/p>\n\n\n\n<p class=\"has-custom-font\" style=\"font-family:Montserrat;font-size:18px\"><\/p>\n\n\n\n<div class=\"wp-block-cover is-light coblocks-animate\" style=\"min-height:104px\" data-coblocks-animation=\"fadeIn\"><span aria-hidden=\"true\" class=\"has-background-dim-0 wp-block-cover__gradient-background has-background-dim\"><\/span><img loading=\"lazy\" width=\"625\" height=\"105\" class=\"wp-block-cover__image-background wp-image-608\" alt=\"\" src=\"https:\/\/aspaaug2015.com\/cifab2025\/wp-content\/uploads\/2021\/09\/encabezado01.png\" data-object-fit=\"cover\" srcset=\"https:\/\/aspaaug2015.com\/cifab2025\/wp-content\/uploads\/2021\/09\/encabezado01.png 625w, https:\/\/aspaaug2015.com\/cifab2025\/wp-content\/uploads\/2021\/09\/encabezado01-300x50.png 300w\" sizes=\"(max-width: 625px) 100vw, 625px\" \/><div class=\"wp-block-cover__inner-container\">\n<p class=\"has-text-align-center has-custom-font has-custom-weight has-custom-transform has-custom-letterspacing mb-0 pb-0 mt-0 pt-0\" style=\"font-size:26px;font-family:Montserrat;letter-spacing:3px;font-weight:700;text-transform:uppercase\">Fechas importantes<\/p>\n<\/div><\/div>\n\n\n\n<p class=\"has-custom-font\" style=\"font-family:Montserrat;font-size:18px\"><mark style=\"background-color:rgba(0, 0, 0, 0);color:#000000\" class=\"has-inline-color\">4. \u00a0La fecha l\u00edmite para la recepci\u00f3n de los res\u00famenes de trabajos libres es el<strong> 30 de marzo de 202<\/strong>6.<\/mark><\/p>\n\n\n\n<p class=\"has-custom-font\" style=\"font-family:Montserrat;font-size:18px\"><mark style=\"background-color:rgba(0, 0, 0, 0);color:#000000\" class=\"has-inline-color\">5. A m\u00e1s tardar el <strong>13 de abril de 2026<\/strong> se le notificar\u00e1 al primer autor por correo electr\u00f3nico la decisi\u00f3n de inclusi\u00f3n en el programa del congreso. La mesa directiva se reserva el derecho de resolver las situaciones no previstas en esta convocatoria, en el mejor inter\u00e9s de la calidad acad\u00e9mica del congreso de magnetobiolog\u00eda y de sus socios.<\/mark><\/p>\n\n\n\n<p class=\"has-custom-font\" style=\"font-family:Montserrat;font-size:18px\"><mark style=\"background-color:rgba(0, 0, 0, 0);color:#000000\" class=\"has-inline-color\">6. Una vez aceptado el trabajo, completar el formulario de la pesta\u00f1a \u00abRegistro\u00bb y adjuntar documento probatorio de pago.<\/mark><\/p>\n\n\n\n<div class=\"wp-container-3 wp-block-buttons\">\n<div class=\"wp-block-button aligncenter\"><a class=\"wp-block-button__link\" href=\"https:\/\/forms.gle\/HtpXu8YUCuDZtopz8\">Registro<\/a><\/div>\n<\/div>\n\n\n\n<div class=\"wp-block-cover is-light coblocks-animate\" style=\"min-height:104px\" data-coblocks-animation=\"fadeIn\"><span aria-hidden=\"true\" class=\"has-background-dim-0 wp-block-cover__gradient-background has-background-dim\"><\/span><img loading=\"lazy\" width=\"625\" height=\"105\" class=\"wp-block-cover__image-background wp-image-608\" alt=\"\" src=\"https:\/\/aspaaug2015.com\/cifab2025\/wp-content\/uploads\/2021\/09\/encabezado01.png\" data-object-fit=\"cover\" srcset=\"https:\/\/aspaaug2015.com\/cifab2025\/wp-content\/uploads\/2021\/09\/encabezado01.png 625w, https:\/\/aspaaug2015.com\/cifab2025\/wp-content\/uploads\/2021\/09\/encabezado01-300x50.png 300w\" sizes=\"(max-width: 625px) 100vw, 625px\" \/><div class=\"wp-block-cover__inner-container\">\n<p class=\"has-text-align-center has-custom-font has-custom-weight has-custom-transform has-custom-letterspacing mb-0 pb-0 mt-0 pt-0\" style=\"font-size:26px;font-family:Montserrat;letter-spacing:3px;font-weight:700;text-transform:uppercase\">MODALIDADES DE PRESENTACI\u00d3N<\/p>\n<\/div><\/div>\n\n\n\n<p class=\"has-custom-font\" style=\"font-family:Montserrat;font-size:18px\"><mark style=\"background-color:rgba(0, 0, 0, 0);color:#000000\" class=\"has-inline-color\">Para las presentaciones se consideran las siguientes modalidades:<\/mark><\/p>\n\n\n\n<ul class=\"has-montserrat-font-family has-custom-font\" style=\"font-family:Montserrat;font-size:18px\"><li><mark style=\"background-color:rgba(0, 0, 0, 0);color:#000000\" class=\"has-inline-color\">Presentaci\u00f3n oral<\/mark><\/li><li><mark style=\"background-color:rgba(0, 0, 0, 0);color:#000000\" class=\"has-inline-color\">P\u00f3ster<\/mark><\/li><\/ul>\n\n\n\n<p class=\"has-custom-font\" style=\"font-family:Montserrat;font-size:18px\"><mark style=\"background-color:rgba(0, 0, 0, 0);color:#000000\" class=\"has-inline-color\">Deben tomarse en cuenta las siguientes consideraciones generales:<\/mark><\/p>\n\n\n\n<p class=\"has-custom-font\" style=\"font-family:Montserrat;font-size:18px\"><mark style=\"background-color:rgba(0, 0, 0, 0);color:#000000\" class=\"has-inline-color\">1. Las presentaciones orales consideran un m\u00e1ximo de 15 minutos, con una sesi\u00f3n breve de preguntas por parte de los asistentes.<\/mark><\/p>\n\n\n\n<p class=\"has-custom-font\" style=\"font-family:Montserrat;font-size:18px\"><mark style=\"background-color:rgba(0, 0, 0, 0);color:#000000\" class=\"has-inline-color\">2. El programa final del congreso se presentar\u00e1 el XX de mayo, mismo en donde se indicar\u00e1n las fechas de presentaciones, asi como las sesiones de p\u00f3ster (presencial y virtual).<\/mark><\/p>\n\n\n\n<p class=\"has-custom-font\" style=\"font-family:Montserrat;font-size:18px\"><mark style=\"background-color:rgba(0, 0, 0, 0);color:#010101\" class=\"has-inline-color\">3. Para la modalidad de p\u00f3ster, se recomienda utilizar el siguiente formato, impreso en tama\u00f1o <mark style=\"background-color:rgba(0, 0, 0, 0);color:#010101\" class=\"has-inline-color\">90 cm (ancho)<\/mark><\/mark> <mark style=\"background-color:rgba(0, 0, 0, 0);color:#010101\" class=\"has-inline-color\">x 120 cm (alto).<\/mark><\/p>\n\n\n\n<div class=\"wp-container-4 wp-block-buttons\">\n<div class=\"wp-block-button aligncenter\"><a class=\"wp-block-button__link\" href=\"https:\/\/drive.google.com\/drive\/folders\/1nSluGkWzHVsFu7FR881RZMD3h3u8QJqR?usp=drive_link\">Descargar formato de p\u00f3ster<\/a><\/div>\n<\/div>\n\n\n\n<div class=\"wp-block-cover is-light coblocks-animate\" style=\"min-height:104px\" data-coblocks-animation=\"fadeIn\"><span aria-hidden=\"true\" class=\"has-background-dim-0 wp-block-cover__gradient-background has-background-dim\"><\/span><img loading=\"lazy\" width=\"625\" height=\"105\" class=\"wp-block-cover__image-background wp-image-608\" alt=\"\" src=\"https:\/\/aspaaug2015.com\/cifab2025\/wp-content\/uploads\/2021\/09\/encabezado01.png\" data-object-fit=\"cover\" srcset=\"https:\/\/aspaaug2015.com\/cifab2025\/wp-content\/uploads\/2021\/09\/encabezado01.png 625w, https:\/\/aspaaug2015.com\/cifab2025\/wp-content\/uploads\/2021\/09\/encabezado01-300x50.png 300w\" sizes=\"(max-width: 625px) 100vw, 625px\" \/><div class=\"wp-block-cover__inner-container\">\n<p class=\"has-text-align-center has-custom-font has-custom-weight has-custom-transform has-custom-letterspacing mb-0 pb-0 mt-0 pt-0\" style=\"font-size:26px;font-family:Montserrat;letter-spacing:3px;font-weight:700;text-transform:uppercase\">TrabajOs en extenso<\/p>\n<\/div><\/div>\n\n\n\n<p><mark style=\"background-color:rgba(0, 0, 0, 0);color:#000000\" class=\"has-inline-color\">Los trabajos presentados en el congreso se podr\u00e1n considerar para un trabajo en extenso, el formato se puede descargar desde el siguiente enlace:<\/mark><\/p>\n\n\n\n<div class=\"wp-container-5 wp-block-buttons\">\n<div class=\"wp-block-button aligncenter\"><a class=\"wp-block-button__link\" href=\"https:\/\/drive.google.com\/drive\/folders\/1nSluGkWzHVsFu7FR881RZMD3h3u8QJqR?usp=drive_link\">Descargar formato de extenso<\/a><\/div>\n<\/div>\n\n\n\n<p><mark style=\"background-color:rgba(0, 0, 0, 0);color:#000000\" class=\"has-inline-color\">Este trabajo se publicar\u00e1 en la <strong>Revista Mexicana de F\u00edsica<\/strong>, cuyas l\u00edneas de investigaci\u00f3n son: <\/mark><\/p>\n\n\n\n<ul><li><mark style=\"background-color:rgba(0, 0, 0, 0);color:#000000\" class=\"has-inline-color\"><strong>F\u00edsica M\u00e9dica <\/strong><\/mark><\/li><li><mark style=\"background-color:rgba(0, 0, 0, 0);color:#000000\" class=\"has-inline-color\"><strong>Ciencia de materiales <\/strong><\/mark><\/li><li><mark style=\"background-color:rgba(0, 0, 0, 0);color:#000000\" class=\"has-inline-color\"><strong>Instrumentaci\u00f3n <\/strong><\/mark><\/li><li><mark style=\"background-color:rgba(0, 0, 0, 0);color:#000000\" class=\"has-inline-color\"><strong>F\u00edsica de altas energ\u00edas <\/strong><\/mark><\/li><li><mark style=\"background-color:rgba(0, 0, 0, 0);color:#000000\" class=\"has-inline-color\"><strong>Materia condensada <\/strong><\/mark><\/li><li><mark style=\"background-color:rgba(0, 0, 0, 0);color:#000000\" class=\"has-inline-color\"><strong>Avances en fuentes de Luz <\/strong><\/mark><\/li><li><mark style=\"background-color:rgba(0, 0, 0, 0);color:#000000\" class=\"has-inline-color\"><strong>F\u00edsica Molecular y At\u00f3mica<\/strong><\/mark><\/li><\/ul>\n\n\n\n<p class=\"has-custom-font\" style=\"font-family:Montserrat;font-size:18px\"><strong><mark style=\"background-color:rgba(0, 0, 0, 0);color:#000000\" class=\"has-inline-color\">Informes y aclaraciones: <\/mark><\/strong><a href=\"mailto:magnetobiologia2021@aspaaug.org\" data-type=\"mailto\" data-id=\"mailto:magnetobiologia2021@aspaaug.org\"><strong><mark style=\"background-color:rgba(0, 0, 0, 0);color:#2ba1cd\" class=\"has-inline-color\">cifab@fisica.ugto.mx<\/mark><\/strong><\/a>  <\/p>\n\n\n\n<p><\/p>\n","protected":false},"excerpt":{"rendered":"<p>El cuerpo acad\u00e9mico de F\u00edsica M\u00e9dica Convoca A participar en el\u00a0registro de trabajos libres\u00a0en la modalidad oral o en cartel en el marco del 6\u00ba Congreso de Ingenier\u00eda y F\u00edsica Aplicada a la Biom\u00e9dica Las instrucciones para realizar el pago para registros nacionales se encuentran en el siguiente manual. La cuota de inscripci\u00f3n considera los [&hellip;]<\/p>\n","protected":false},"author":1,"featured_media":0,"parent":0,"menu_order":0,"comment_status":"closed","ping_status":"closed","template":"","meta":{"_coblocks_attr":"Helvetica,Heebo,Georgia,Montserrat","_coblocks_dimensions":"","_coblocks_responsive_height":"","_coblocks_accordion_ie_support":""},"_links":{"self":[{"href":"https:\/\/aspaaug2015.com\/cifab2025\/wp-json\/wp\/v2\/pages\/329"}],"collection":[{"href":"https:\/\/aspaaug2015.com\/cifab2025\/wp-json\/wp\/v2\/pages"}],"about":[{"href":"https:\/\/aspaaug2015.com\/cifab2025\/wp-json\/wp\/v2\/types\/page"}],"author":[{"embeddable":true,"href":"https:\/\/aspaaug2015.com\/cifab2025\/wp-json\/wp\/v2\/users\/1"}],"replies":[{"embeddable":true,"href":"https:\/\/aspaaug2015.com\/cifab2025\/wp-json\/wp\/v2\/comments?post=329"}],"version-history":[{"count":91,"href":"https:\/\/aspaaug2015.com\/cifab2025\/wp-json\/wp\/v2\/pages\/329\/revisions"}],"predecessor-version":[{"id":1200,"href":"https:\/\/aspaaug2015.com\/cifab2025\/wp-json\/wp\/v2\/pages\/329\/revisions\/1200"}],"wp:attachment":[{"href":"https:\/\/aspaaug2015.com\/cifab2025\/wp-json\/wp\/v2\/media?parent=329"}],"curies":[{"name":"wp","href":"https:\/\/api.w.org\/{rel}","templated":true}]}}