{"id":218,"date":"2020-10-12T23:43:43","date_gmt":"2020-10-12T23:43:43","guid":{"rendered":"https:\/\/aspaaug2015.com\/cifab2025\/?page_id=218"},"modified":"2026-03-09T18:15:43","modified_gmt":"2026-03-09T18:15:43","slug":"programa","status":"publish","type":"page","link":"https:\/\/aspaaug2015.com\/cifab2025\/programa\/","title":{"rendered":"Programa"},"content":{"rendered":"\n<h4 class=\"has-text-align-center has-text-color\" style=\"color:#0087c5\">El programa del 6\u00ba Congreso de Ingenier\u00eda y F\u00edsica Aplicada a la Biomedicina se puede descargar desde el siguiente enlace<\/h4>\n\n\n\n<p class=\"has-text-align-center\"><strong>EN CONSTRUCCI\u00d3N<\/strong><\/p>\n","protected":false},"excerpt":{"rendered":"<p>El programa del 6\u00ba Congreso de Ingenier\u00eda y F\u00edsica Aplicada a la Biomedicina se puede descargar desde el siguiente enlace EN CONSTRUCCI\u00d3N<\/p>\n","protected":false},"author":1,"featured_media":0,"parent":0,"menu_order":0,"comment_status":"closed","ping_status":"closed","template":"","meta":{"_coblocks_attr":"","_coblocks_dimensions":"","_coblocks_responsive_height":"","_coblocks_accordion_ie_support":""},"_links":{"self":[{"href":"https:\/\/aspaaug2015.com\/cifab2025\/wp-json\/wp\/v2\/pages\/218"}],"collection":[{"href":"https:\/\/aspaaug2015.com\/cifab2025\/wp-json\/wp\/v2\/pages"}],"about":[{"href":"https:\/\/aspaaug2015.com\/cifab2025\/wp-json\/wp\/v2\/types\/page"}],"author":[{"embeddable":true,"href":"https:\/\/aspaaug2015.com\/cifab2025\/wp-json\/wp\/v2\/users\/1"}],"replies":[{"embeddable":true,"href":"https:\/\/aspaaug2015.com\/cifab2025\/wp-json\/wp\/v2\/comments?post=218"}],"version-history":[{"count":52,"href":"https:\/\/aspaaug2015.com\/cifab2025\/wp-json\/wp\/v2\/pages\/218\/revisions"}],"predecessor-version":[{"id":1195,"href":"https:\/\/aspaaug2015.com\/cifab2025\/wp-json\/wp\/v2\/pages\/218\/revisions\/1195"}],"wp:attachment":[{"href":"https:\/\/aspaaug2015.com\/cifab2025\/wp-json\/wp\/v2\/media?parent=218"}],"curies":[{"name":"wp","href":"https:\/\/api.w.org\/{rel}","templated":true}]}}