{"id":14,"date":"2020-09-16T01:37:57","date_gmt":"2020-09-16T01:37:57","guid":{"rendered":"https:\/\/aspaaug2015.com\/cifab2025\/?page_id=14"},"modified":"2025-02-25T22:55:52","modified_gmt":"2025-02-25T22:55:52","slug":"lugar-y-viaje","status":"publish","type":"page","link":"https:\/\/aspaaug2015.com\/cifab2025\/lugar-y-viaje\/","title":{"rendered":"Lugar y Viaje"},"content":{"rendered":"\n<p><mark style=\"background-color:rgba(0, 0, 0, 0);color:#000000\" class=\"has-inline-color\">El evento se llevar\u00e1 a cabo en la Divisi\u00f3n de Ciencias e Ingenier\u00eda\u00a0de la Universidad de Guanajuato, campus Le\u00f3n., ubicada en Loma del Bosque 103, Lomas del Campestre CP 37150, en la ciudad de Le\u00f3n, Gto.<\/mark><\/p>\n\n\n\n<p><\/p>\n\n\n\n<p><strong><mark style=\"background-color:rgba(0, 0, 0, 0);color:#000000\" class=\"has-inline-color\">\u00bfC\u00f3mo llegar?<\/mark><\/strong><\/p>\n\n\n\n<p><mark style=\"background-color:rgba(0, 0, 0, 0);color:#000000\" class=\"has-inline-color\">Al encontrarse en la zona del baj\u00edo, la ciudad de Le\u00f3n tiene facilidad de acceso por diferentes v\u00edas.<\/mark><\/p>\n\n\n\n<p><br><br><strong><mark style=\"background-color:rgba(0, 0, 0, 0);color:#000000\" class=\"has-inline-color\">En avi\u00f3n<\/mark><\/strong><\/p>\n\n\n\n<p><mark style=\"background-color:rgba(0, 0, 0, 0);color:#000000\" class=\"has-inline-color\">El Aeropuerto Internacional de Guanajuato (BJX) se encuentra a 34 km del lugar sede del congreso. El tiempo de traslado en automovil es de aproximadamente 40 minutos.<\/mark><\/p>\n\n\n\n<p><strong><mark style=\"background-color:rgba(0, 0, 0, 0);color:#000000\" class=\"has-inline-color\">En autom\u00f3vil<\/mark><\/strong><\/p>\n\n\n\n<p><mark style=\"background-color:rgba(0, 0, 0, 0);color:#000000\" class=\"has-inline-color\">La ciudad de Le\u00f3n est\u00e1 comunicada con el centro del pa\u00eds por la autopista 45 y 45D. Por la autopista 80D con la ciudad de Guajalajara y San Luis Potos\u00ed.<\/mark><\/p>\n\n\n\n<p><strong><mark style=\"background-color:rgba(0, 0, 0, 0);color:#000000\" class=\"has-inline-color\">Hospedaje<\/mark><\/strong><\/p>\n\n\n\n<p><mark style=\"background-color:rgba(0, 0, 0, 0);color:#000000\" class=\"has-inline-color\">Cerca del lugar sede del evento se cuenta con una variedad de hoteles, dentro de los que se pueden mencionar:<\/mark><\/p>\n\n\n\n<ul><li><mark style=\"background-color:rgba(0, 0, 0, 0);color:#000000\" class=\"has-inline-color\">Hotel Suite M\u00e9xico Plaza Campestre <br><\/mark><\/li><li><mark style=\"background-color:rgba(0, 0, 0, 0);color:#000000\" class=\"has-inline-color\">Hotel Real de Minas Poliforum<br><\/mark><\/li><\/ul>\n","protected":false},"excerpt":{"rendered":"<p>El evento se llevar\u00e1 a cabo en la Divisi\u00f3n de Ciencias e Ingenier\u00eda\u00a0de la Universidad de Guanajuato, campus Le\u00f3n., ubicada en Loma del Bosque 103, Lomas del Campestre CP 37150, en la ciudad de Le\u00f3n, Gto. \u00bfC\u00f3mo llegar? Al encontrarse en la zona del baj\u00edo, la ciudad de Le\u00f3n tiene facilidad de acceso por diferentes [&hellip;]<\/p>\n","protected":false},"author":1,"featured_media":0,"parent":0,"menu_order":0,"comment_status":"closed","ping_status":"closed","template":"","meta":{"_coblocks_attr":"","_coblocks_dimensions":"","_coblocks_responsive_height":"","_coblocks_accordion_ie_support":""},"_links":{"self":[{"href":"https:\/\/aspaaug2015.com\/cifab2025\/wp-json\/wp\/v2\/pages\/14"}],"collection":[{"href":"https:\/\/aspaaug2015.com\/cifab2025\/wp-json\/wp\/v2\/pages"}],"about":[{"href":"https:\/\/aspaaug2015.com\/cifab2025\/wp-json\/wp\/v2\/types\/page"}],"author":[{"embeddable":true,"href":"https:\/\/aspaaug2015.com\/cifab2025\/wp-json\/wp\/v2\/users\/1"}],"replies":[{"embeddable":true,"href":"https:\/\/aspaaug2015.com\/cifab2025\/wp-json\/wp\/v2\/comments?post=14"}],"version-history":[{"count":11,"href":"https:\/\/aspaaug2015.com\/cifab2025\/wp-json\/wp\/v2\/pages\/14\/revisions"}],"predecessor-version":[{"id":1124,"href":"https:\/\/aspaaug2015.com\/cifab2025\/wp-json\/wp\/v2\/pages\/14\/revisions\/1124"}],"wp:attachment":[{"href":"https:\/\/aspaaug2015.com\/cifab2025\/wp-json\/wp\/v2\/media?parent=14"}],"curies":[{"name":"wp","href":"https:\/\/api.w.org\/{rel}","templated":true}]}}